{"id":9647,"date":"2024-02-29T15:18:40","date_gmt":"2024-02-29T15:18:40","guid":{"rendered":"https:\/\/niubox.legal\/box-de-contacto\/"},"modified":"2026-04-09T14:11:45","modified_gmt":"2026-04-09T14:11:45","slug":"contact-box","status":"publish","type":"page","link":"https:\/\/niubox.legal\/en\/contact-box\/","title":{"rendered":"Contact"},"content":{"rendered":"\t\t<div data-elementor-type=\"wp-page\" data-elementor-id=\"9647\" class=\"elementor elementor-9647 elementor-9224\" data-elementor-post-type=\"page\">\n\t\t\t\t<div class=\"elementor-element elementor-element-2a8acd5 secc-form e-flex e-con-boxed e-con e-parent\" data-id=\"2a8acd5\" data-element_type=\"container\" data-e-type=\"container\" id=\"contacto\" data-settings=\"{&quot;background_background&quot;:&quot;classic&quot;}\">\n\t\t\t\t\t<div class=\"e-con-inner\">\n\t\t<div class=\"elementor-element elementor-element-6c58b5c e-con-full e-flex e-con e-child\" data-id=\"6c58b5c\" data-element_type=\"container\" data-e-type=\"container\">\n\t\t\t\t<div class=\"elementor-element elementor-element-babfadf elementor-widget-tablet__width-initial elementor-widget elementor-widget-heading\" data-id=\"babfadf\" data-element_type=\"widget\" data-e-type=\"widget\" data-widget_type=\"heading.default\">\n\t\t\t\t<div class=\"elementor-widget-container\">\n\t\t\t\t\t<h2 class=\"elementor-heading-title elementor-size-default\">Contact us<\/h2>\t\t\t\t<\/div>\n\t\t\t\t<\/div>\n\t\t\t\t<div class=\"elementor-element elementor-element-c045dc2 elementor-widget__width-initial elementor-widget elementor-widget-text-editor\" data-id=\"c045dc2\" data-element_type=\"widget\" data-e-type=\"widget\" data-widget_type=\"text-editor.default\">\n\t\t\t\t<div class=\"elementor-widget-container\">\n\t\t\t\t\t\t\t\t\t<p>We want to get to know you and how we can help you.<\/p>\t\t\t\t\t\t\t\t<\/div>\n\t\t\t\t<\/div>\n\t\t\t\t<div class=\"elementor-element elementor-element-49e3c86 elementor-widget elementor-widget-text-editor\" data-id=\"49e3c86\" data-element_type=\"widget\" data-e-type=\"widget\" data-widget_type=\"text-editor.default\">\n\t\t\t\t<div class=\"elementor-widget-container\">\n\t\t\t\t\t\t\t\t\t<p><div id=\"quform-815d28\" class=\"quform quform-2 quform-support-page-caching\"><form id=\"quform-form-815d28\" class=\"quform-form quform-form-2\" action=\"\/en\/wp-json\/wp\/v2\/pages\/9647#quform-815d28\" method=\"post\" enctype=\"multipart\/form-data\" novalidate=\"novalidate\" data-options=\"{&quot;id&quot;:2,&quot;uniqueId&quot;:&quot;815d28&quot;,&quot;theme&quot;:&quot;&quot;,&quot;ajax&quot;:true,&quot;logic&quot;:{&quot;logic&quot;:[],&quot;dependents&quot;:[],&quot;elementIds&quot;:[],&quot;dependentElementIds&quot;:[],&quot;animate&quot;:true},&quot;currentPageId&quot;:1,&quot;errorsIcon&quot;:&quot;&quot;,&quot;updateFancybox&quot;:true,&quot;hasPages&quot;:false,&quot;pages&quot;:[1],&quot;pageProgressType&quot;:&quot;numbers&quot;,&quot;tooltipsEnabled&quot;:true,&quot;tooltipClasses&quot;:&quot;qtip-quform-dark qtip-shadow&quot;,&quot;tooltipMy&quot;:&quot;left center&quot;,&quot;tooltipAt&quot;:&quot;right center&quot;,&quot;isRtl&quot;:false,&quot;scrollOffset&quot;:-50,&quot;scrollSpeed&quot;:800}\"><button class=\"quform-default-submit\" name=\"quform_submit\" type=\"submit\" value=\"submit\" aria-hidden=\"true\" tabindex=\"-1\"><\/button><div class=\"quform-form-inner quform-form-inner-2\"><input type=\"hidden\" name=\"quform_form_id\" value=\"2\" \/><input type=\"hidden\" name=\"quform_form_uid\" value=\"815d28\" \/><input type=\"hidden\" name=\"quform_count\" value=\"1\" \/><input type=\"hidden\" name=\"form_url\" value=\"https:\/\/niubox.legal\/en\/wp-json\/wp\/v2\/pages\/9647\" \/><input type=\"hidden\" name=\"referring_url\" value=\"\" \/><input type=\"hidden\" name=\"post_id\" value=\"\" \/><input type=\"hidden\" name=\"post_title\" value=\"\" \/><input type=\"hidden\" name=\"quform_current_page_id\" value=\"1\" \/><input type=\"hidden\" name=\"quform_loaded\" value=\"1776760909|029853611722a48c7234c40fc5930220\" \/><input type=\"hidden\" name=\"quform_csrf_token\" value=\"KX4iNTQtkelSZ4a5xRVb01forOvALpsJKkaXrTsf\" \/><div class=\"quform-elements quform-elements-2 quform-cf quform-responsive-elements-phone-landscape\"><div class=\"quform-element quform-element-page quform-page-1 quform-page-2_1 quform-cf quform-group-style-plain quform-first-page quform-last-page quform-current-page\"><div class=\"quform-child-elements\"><div class=\"quform-element quform-element-row quform-element-row-2_3 quform-2-columns quform-element-row-size-fixed quform-responsive-columns-phone-landscape\"><div class=\"quform-element quform-element-column quform-element-2_4\"><div class=\"quform-element quform-element-text quform-element-2_6 quform-cf quform-element-required\"><div class=\"quform-spacer\"><div class=\"quform-label quform-label-2_6\"><label class=\"quform-label-text\" for=\"quform_2_6_815d28\">Name<span class=\"quform-required\">*<\/span><\/label><\/div><div class=\"quform-inner quform-inner-text quform-inner-2_6\"><div class=\"quform-input quform-input-text quform-input-2_6 quform-cf\"><input type=\"text\" id=\"quform_2_6_815d28\" name=\"quform_2_6\" class=\"quform-field quform-field-text quform-field-2_6\" placeholder=\"Name\" \/><\/div><\/div><\/div><\/div><\/div><div class=\"quform-element quform-element-column quform-element-2_5\"><div class=\"quform-element quform-element-select quform-element-2_7 quform-cf quform-element-required\"><div class=\"quform-spacer\"><div class=\"quform-label quform-label-2_7\"><label class=\"quform-label-text\" for=\"quform_2_7_815d28\">Country<span class=\"quform-required\">*<\/span><\/label><\/div><div class=\"quform-inner quform-inner-select quform-inner-2_7\"><div class=\"quform-input quform-input-select quform-input-2_7 quform-cf\"><select id=\"quform_2_7_815d28\" name=\"quform_2_7\" class=\"quform-field quform-field-select quform-field-2_7\"><option value=\"\" selected=\"selected\">Pa\u00eds<\/option><option value=\"Per\u00fa\">Per\u00fa<\/option><option value=\"Ecuador\">Ecuador<\/option><option value=\"Colombia\">Colombia<\/option><\/select><\/div><\/div><\/div><\/div><\/div><\/div><div class=\"quform-element quform-element-row quform-element-row-2_8 quform-2-columns quform-element-row-size-fixed quform-responsive-columns-phone-landscape\"><div class=\"quform-element quform-element-column quform-element-2_9\"><div class=\"quform-element quform-element-email quform-element-2_11 quform-cf quform-element-required\"><div class=\"quform-spacer\"><div class=\"quform-label quform-label-2_11\"><label class=\"quform-label-text\" for=\"quform_2_11_815d28\">E-mail<span class=\"quform-required\">*<\/span><\/label><\/div><div class=\"quform-inner quform-inner-email quform-inner-2_11\"><div class=\"quform-input quform-input-email quform-input-2_11 quform-cf\"><input type=\"email\" id=\"quform_2_11_815d28\" name=\"quform_2_11\" class=\"quform-field quform-field-email quform-field-2_11\" placeholder=\"E-mail\" \/><\/div><\/div><\/div><\/div><\/div><div class=\"quform-element quform-element-column quform-element-2_10\"><div class=\"quform-element quform-element-text quform-element-2_12 quform-cf quform-element-required\"><div class=\"quform-spacer\"><div class=\"quform-label quform-label-2_12\"><label class=\"quform-label-text\" for=\"quform_2_12_815d28\">Mobile<span class=\"quform-required\">*<\/span><\/label><\/div><div class=\"quform-inner quform-inner-text quform-inner-2_12\"><div class=\"quform-input quform-input-text quform-input-2_12 quform-cf\"><input type=\"text\" id=\"quform_2_12_815d28\" name=\"quform_2_12\" class=\"quform-field quform-field-text quform-field-2_12\" placeholder=\"Mobile\" \/><\/div><\/div><\/div><\/div><\/div><\/div><div class=\"quform-element quform-element-row quform-element-row-2_15 quform-2-columns quform-element-row-size-fixed quform-responsive-columns-phone-landscape\"><div class=\"quform-element quform-element-column quform-element-2_16\"><div class=\"quform-element quform-element-text quform-element-2_20 quform-cf quform-element-required\"><div class=\"quform-spacer\"><div class=\"quform-label quform-label-2_20\"><label class=\"quform-label-text\" for=\"quform_2_20_815d28\">Company<span class=\"quform-required\">*<\/span><\/label><\/div><div class=\"quform-inner quform-inner-text quform-inner-2_20\"><div class=\"quform-input quform-input-text quform-input-2_20 quform-cf\"><input type=\"text\" id=\"quform_2_20_815d28\" name=\"quform_2_20\" class=\"quform-field quform-field-text quform-field-2_20\" placeholder=\"Company\" \/><\/div><\/div><\/div><\/div><\/div><div class=\"quform-element quform-element-column quform-element-2_18\"><\/div><\/div><div class=\"quform-element quform-element-textarea quform-element-2_13 quform-cf quform-element-required\"><div class=\"quform-spacer\"><div class=\"quform-label quform-label-2_13\"><label class=\"quform-label-text\" for=\"quform_2_13_815d28\">Message<span class=\"quform-required\">*<\/span><\/label><\/div><div class=\"quform-inner quform-inner-textarea quform-inner-2_13\"><div class=\"quform-input quform-input-textarea quform-input-2_13 quform-cf\"><textarea id=\"quform_2_13_815d28\" name=\"quform_2_13\" class=\"quform-field quform-field-textarea quform-field-2_13\" placeholder=\"Message\"><\/textarea><\/div><\/div><\/div><\/div><div class=\"quform-element quform-element-textarea quform-element-2_851706 quform-sr-only quform-cf\" style=\"clip: rect(1px, 1px, 1px, 1px); clip-path: inset(50%); position: absolute !important; height: 1px; width: 1px; overflow: hidden;\"><div class=\"quform-spacer\"><div class=\"quform-label quform-label-2_851706\"><label class=\"quform-label-text\" for=\"quform_2_851706_815d28\">Email<span class=\"quform-required\">*<\/span><\/label><\/div><div class=\"quform-inner quform-inner-2_851706\"><textarea id=\"quform_2_851706_815d28\" name=\"quform_2_851706\" class=\"quform-field quform-field-textarea quform-field-2_851706\" tabindex=\"-1\" autocomplete=\"new-password\"><\/textarea><\/div><\/div><\/div><div class=\"quform-element quform-element-checkbox quform-element-2_14 quform-cf quform-element-required\"><div class=\"quform-spacer\"><div class=\"quform-inner quform-inner-checkbox quform-inner-2_14\"><div class=\"quform-input quform-input-checkbox quform-input-2_14 quform-cf\"><div class=\"quform-options quform-cf quform-options-block quform-options-simple\"><div class=\"quform-option\"><input type=\"checkbox\" name=\"quform_2_14[]\" id=\"quform_2_14_815d28_1\" class=\"quform-field quform-field-checkbox quform-field-2_14 quform-field-2_14_1\" value=\"I have read and accept the &lt;a href=&quot;https:\/\/niubox.legal\/en\/privacy-policy\/&quot; target=&quot;_blank&quot;&gt;Privacy Policy&lt;\/a&gt;.\" \/><label for=\"quform_2_14_815d28_1\" class=\"quform-option-label quform-option-label-2_14_1\"><span class=\"quform-option-text\">I have read and accept the <a href=\"https:\/\/niubox.legal\/en\/privacy-policy\/\" target=\"_blank\">Privacy Policy<\/a>.<\/span><\/label><\/div><div class=\"quform-option\"><input type=\"checkbox\" name=\"quform_2_14[]\" id=\"quform_2_14_815d28_2\" class=\"quform-field quform-field-checkbox quform-field-2_14 quform-field-2_14_2\" value=\"Furthermore, I give my authorization to be contacted to receive commercial information from Niubox. My refusal will not affect the purposes authorized above.\" \/><label for=\"quform_2_14_815d28_2\" class=\"quform-option-label quform-option-label-2_14_2\"><span class=\"quform-option-text\">Furthermore, I give my authorization to be contacted to receive commercial information from Niubox. My refusal will not affect the purposes authorized above.<\/span><\/label><\/div><\/div><\/div><\/div><\/div><\/div><div class=\"quform-element quform-element-submit quform-element-2_2 quform-cf quform-button-style-theme\"><div class=\"quform-button-submit quform-button-submit-default quform-button-submit-2_2\"><button name=\"quform_submit\" type=\"submit\" class=\"quform-submit\" value=\"submit\"><span class=\"quform-button-text quform-button-submit-text\">Send<\/span><\/button><\/div><div class=\"quform-loading quform-loading-position-left quform-loading-type-spinner-1\"><div class=\"quform-loading-inner\"><div class=\"quform-loading-spinner\"><div class=\"quform-loading-spinner-inner\"><\/div><\/div><\/div><\/div><\/div><\/div><\/div><\/div><\/div><\/form><\/div><\/p>\t\t\t\t\t\t\t\t<\/div>\n\t\t\t\t<\/div>\n\t\t\t\t<\/div>\n\t\t<div class=\"elementor-element elementor-element-d2fe60b e-con-full e-flex e-con e-child\" data-id=\"d2fe60b\" data-element_type=\"container\" data-e-type=\"container\">\n\t\t\t\t<div class=\"elementor-element elementor-element-1ddf470 elementor-widget elementor-widget-html\" data-id=\"1ddf470\" data-element_type=\"widget\" data-e-type=\"widget\" data-widget_type=\"html.default\">\n\t\t\t\t<div class=\"elementor-widget-container\">\n\t\t\t\t\t<div id=\"imagenContenedor\" class=\"imagenContenedor\">\n    \n\n    <img decoding=\"async\" id=\"imagenCambiante\" src=\"https:\/\/niubox.legal\/wp-content\/uploads\/2026\/02\/Niubox_Contacto-B.png\" alt=\"Imagen Original\" \/>\n<\/div>\t\t\t\t<\/div>\n\t\t\t\t<\/div>\n\t\t<div class=\"elementor-element elementor-element-183af1a e-flex e-con-boxed elementor-invisible e-con e-child\" data-id=\"183af1a\" data-element_type=\"container\" data-e-type=\"container\" data-settings=\"{&quot;animation&quot;:&quot;fadeInRight&quot;}\">\n\t\t\t\t\t<div class=\"e-con-inner\">\n\t\t\t\t<div class=\"elementor-element elementor-element-2aacec5 elementor-position-inline-start conversemos elementor-view-default elementor-mobile-position-block-start elementor-widget elementor-widget-icon-box\" data-id=\"2aacec5\" data-element_type=\"widget\" data-e-type=\"widget\" data-widget_type=\"icon-box.default\">\n\t\t\t\t<div class=\"elementor-widget-container\">\n\t\t\t\t\t\t\t<div class=\"elementor-icon-box-wrapper\">\n\n\t\t\t\t\t\t<div class=\"elementor-icon-box-icon\">\n\t\t\t\t<span  class=\"elementor-icon\">\n\t\t\t\t<svg aria-hidden=\"true\" class=\"e-font-icon-svg e-fas-map-marker-alt\" viewBox=\"0 0 384 512\" xmlns=\"http:\/\/www.w3.org\/2000\/svg\"><path d=\"M172.268 501.67C26.97 291.031 0 269.413 0 192 0 85.961 85.961 0 192 0s192 85.961 192 192c0 77.413-26.97 99.031-172.268 309.67-9.535 13.774-29.93 13.773-39.464 0zM192 272c44.183 0 80-35.817 80-80s-35.817-80-80-80-80 35.817-80 80 35.817 80 80 80z\"><\/path><\/svg>\t\t\t\t<\/span>\n\t\t\t<\/div>\n\t\t\t\n\t\t\t\t\t\t<div class=\"elementor-icon-box-content\">\n\n\t\t\t\t\t\t\t\t\t<h3 class=\"elementor-icon-box-title\">\n\t\t\t\t\t\t<span  >\n\t\t\t\t\t\t\t<a href=\"#contacto\" id=\"enlacePeru\">Per\u00fa<\/a> |     <a href=\"#contacto\" id=\"enlaceEcuador\">Ecuador<\/a>   |  <a href=\"#contacto\" id=\"enlaceColombia\">Colombia<\/a>\t\t\t\t\t\t<\/span>\n\t\t\t\t\t<\/h3>\n\t\t\t\t\n\t\t\t\t\n\t\t\t<\/div>\n\t\t\t\n\t\t<\/div>\n\t\t\t\t\t\t<\/div>\n\t\t\t\t<\/div>\n\t\t\t\t\t<\/div>\n\t\t\t\t<\/div>\n\t\t\t\t<\/div>\n\t\t\t\t\t<\/div>\n\t\t\t\t<\/div>\n\t\t\t\t<\/div>\n\t\t","protected":false},"excerpt":{"rendered":"<p>Contact us We want to get to know you and how we can help you. Per\u00fa | Ecuador | Colombia<\/p>\n","protected":false},"author":1,"featured_media":0,"parent":0,"menu_order":0,"comment_status":"closed","ping_status":"closed","template":"elementor_header_footer","meta":{"footnotes":""},"class_list":["post-9647","page","type-page","status-publish","hentry"],"yoast_head":"<!-- This site is optimized with the Yoast SEO plugin v27.4 - https:\/\/yoast.com\/product\/yoast-seo-wordpress\/ -->\n<title>Contact - Niubox<\/title>\n<meta name=\"robots\" content=\"index, follow, max-snippet:-1, max-image-preview:large, max-video-preview:-1\" \/>\n<link rel=\"canonical\" href=\"https:\/\/niubox.legal\/en\/contact-box\/\" \/>\n<meta property=\"og:locale\" content=\"en_US\" \/>\n<meta property=\"og:type\" content=\"article\" \/>\n<meta property=\"og:title\" content=\"Contact - Niubox\" \/>\n<meta property=\"og:description\" content=\"Contact us We want to get to know you and how we can help you. Per\u00fa | Ecuador | Colombia\" \/>\n<meta property=\"og:url\" content=\"https:\/\/niubox.legal\/en\/contact-box\/\" \/>\n<meta property=\"og:site_name\" content=\"Niubox\" \/>\n<meta property=\"article:publisher\" content=\"https:\/\/www.facebook.com\/Niuboxlegal\/\" \/>\n<meta property=\"article:modified_time\" content=\"2026-04-09T14:11:45+00:00\" \/>\n<meta property=\"og:image\" content=\"https:\/\/niubox.legal\/wp-content\/uploads\/2026\/02\/Niubox_Contacto-B.png\" \/>\n<meta name=\"twitter:card\" content=\"summary_large_image\" \/>\n<meta name=\"twitter:site\" content=\"@niuboxlegal\" \/>\n<meta name=\"twitter:label1\" content=\"Est. reading time\" \/>\n\t<meta name=\"twitter:data1\" content=\"1 minute\" \/>\n<script type=\"application\/ld+json\" class=\"yoast-schema-graph\">{\"@context\":\"https:\\\/\\\/schema.org\",\"@graph\":[{\"@type\":\"WebPage\",\"@id\":\"https:\\\/\\\/niubox.legal\\\/en\\\/contact-box\\\/\",\"url\":\"https:\\\/\\\/niubox.legal\\\/en\\\/contact-box\\\/\",\"name\":\"Contact - Niubox\",\"isPartOf\":{\"@id\":\"https:\\\/\\\/niubox.legal\\\/en\\\/#website\"},\"primaryImageOfPage\":{\"@id\":\"https:\\\/\\\/niubox.legal\\\/en\\\/contact-box\\\/#primaryimage\"},\"image\":{\"@id\":\"https:\\\/\\\/niubox.legal\\\/en\\\/contact-box\\\/#primaryimage\"},\"thumbnailUrl\":\"https:\\\/\\\/niubox.legal\\\/wp-content\\\/uploads\\\/2026\\\/02\\\/Niubox_Contacto-B.png\",\"datePublished\":\"2024-02-29T15:18:40+00:00\",\"dateModified\":\"2026-04-09T14:11:45+00:00\",\"breadcrumb\":{\"@id\":\"https:\\\/\\\/niubox.legal\\\/en\\\/contact-box\\\/#breadcrumb\"},\"inLanguage\":\"en-US\",\"potentialAction\":[{\"@type\":\"ReadAction\",\"target\":[\"https:\\\/\\\/niubox.legal\\\/en\\\/contact-box\\\/\"]}]},{\"@type\":\"ImageObject\",\"inLanguage\":\"en-US\",\"@id\":\"https:\\\/\\\/niubox.legal\\\/en\\\/contact-box\\\/#primaryimage\",\"url\":\"https:\\\/\\\/niubox.legal\\\/wp-content\\\/uploads\\\/2026\\\/02\\\/Niubox_Contacto-B.png\",\"contentUrl\":\"https:\\\/\\\/niubox.legal\\\/wp-content\\\/uploads\\\/2026\\\/02\\\/Niubox_Contacto-B.png\"},{\"@type\":\"BreadcrumbList\",\"@id\":\"https:\\\/\\\/niubox.legal\\\/en\\\/contact-box\\\/#breadcrumb\",\"itemListElement\":[{\"@type\":\"ListItem\",\"position\":1,\"name\":\"Portada\",\"item\":\"https:\\\/\\\/niubox.legal\\\/en\\\/\"},{\"@type\":\"ListItem\",\"position\":2,\"name\":\"Contact\"}]},{\"@type\":\"WebSite\",\"@id\":\"https:\\\/\\\/niubox.legal\\\/en\\\/#website\",\"url\":\"https:\\\/\\\/niubox.legal\\\/en\\\/\",\"name\":\"Niubox.legal\",\"description\":\"Niubox es una firma pionera en asesor\u00eda legal especializada en tecnolog\u00eda y negocios digitales, asuntos p\u00fablicos y regulatorios e innovaci\u00f3n legal en Per\u00fa y Ecuador\",\"publisher\":{\"@id\":\"https:\\\/\\\/niubox.legal\\\/en\\\/#organization\"},\"potentialAction\":[{\"@type\":\"SearchAction\",\"target\":{\"@type\":\"EntryPoint\",\"urlTemplate\":\"https:\\\/\\\/niubox.legal\\\/en\\\/?s={search_term_string}\"},\"query-input\":{\"@type\":\"PropertyValueSpecification\",\"valueRequired\":true,\"valueName\":\"search_term_string\"}}],\"inLanguage\":\"en-US\"},{\"@type\":\"Organization\",\"@id\":\"https:\\\/\\\/niubox.legal\\\/en\\\/#organization\",\"name\":\"Niubox Legal\",\"url\":\"https:\\\/\\\/niubox.legal\\\/en\\\/\",\"logo\":{\"@type\":\"ImageObject\",\"inLanguage\":\"en-US\",\"@id\":\"https:\\\/\\\/niubox.legal\\\/en\\\/#\\\/schema\\\/logo\\\/image\\\/\",\"url\":\"https:\\\/\\\/niubox.legal\\\/wp-content\\\/uploads\\\/2024\\\/02\\\/Niubox_web.jpg\",\"contentUrl\":\"https:\\\/\\\/niubox.legal\\\/wp-content\\\/uploads\\\/2024\\\/02\\\/Niubox_web.jpg\",\"width\":1000,\"height\":648,\"caption\":\"Niubox Legal\"},\"image\":{\"@id\":\"https:\\\/\\\/niubox.legal\\\/en\\\/#\\\/schema\\\/logo\\\/image\\\/\"},\"sameAs\":[\"https:\\\/\\\/www.facebook.com\\\/Niuboxlegal\\\/\",\"https:\\\/\\\/x.com\\\/niuboxlegal\",\"https:\\\/\\\/www.instagram.com\\\/niuboxlegal\\\/\",\"https:\\\/\\\/www.linkedin.com\\\/company\\\/niuboxlegal\\\/\"]}]}<\/script>\n<!-- \/ Yoast SEO plugin. -->","yoast_head_json":{"title":"Contact - Niubox","robots":{"index":"index","follow":"follow","max-snippet":"max-snippet:-1","max-image-preview":"max-image-preview:large","max-video-preview":"max-video-preview:-1"},"canonical":"https:\/\/niubox.legal\/en\/contact-box\/","og_locale":"en_US","og_type":"article","og_title":"Contact - Niubox","og_description":"Contact us We want to get to know you and how we can help you. Per\u00fa | Ecuador | Colombia","og_url":"https:\/\/niubox.legal\/en\/contact-box\/","og_site_name":"Niubox","article_publisher":"https:\/\/www.facebook.com\/Niuboxlegal\/","article_modified_time":"2026-04-09T14:11:45+00:00","og_image":[{"url":"https:\/\/niubox.legal\/wp-content\/uploads\/2026\/02\/Niubox_Contacto-B.png","type":"","width":"","height":""}],"twitter_card":"summary_large_image","twitter_site":"@niuboxlegal","twitter_misc":{"Est. reading time":"1 minute"},"schema":{"@context":"https:\/\/schema.org","@graph":[{"@type":"WebPage","@id":"https:\/\/niubox.legal\/en\/contact-box\/","url":"https:\/\/niubox.legal\/en\/contact-box\/","name":"Contact - Niubox","isPartOf":{"@id":"https:\/\/niubox.legal\/en\/#website"},"primaryImageOfPage":{"@id":"https:\/\/niubox.legal\/en\/contact-box\/#primaryimage"},"image":{"@id":"https:\/\/niubox.legal\/en\/contact-box\/#primaryimage"},"thumbnailUrl":"https:\/\/niubox.legal\/wp-content\/uploads\/2026\/02\/Niubox_Contacto-B.png","datePublished":"2024-02-29T15:18:40+00:00","dateModified":"2026-04-09T14:11:45+00:00","breadcrumb":{"@id":"https:\/\/niubox.legal\/en\/contact-box\/#breadcrumb"},"inLanguage":"en-US","potentialAction":[{"@type":"ReadAction","target":["https:\/\/niubox.legal\/en\/contact-box\/"]}]},{"@type":"ImageObject","inLanguage":"en-US","@id":"https:\/\/niubox.legal\/en\/contact-box\/#primaryimage","url":"https:\/\/niubox.legal\/wp-content\/uploads\/2026\/02\/Niubox_Contacto-B.png","contentUrl":"https:\/\/niubox.legal\/wp-content\/uploads\/2026\/02\/Niubox_Contacto-B.png"},{"@type":"BreadcrumbList","@id":"https:\/\/niubox.legal\/en\/contact-box\/#breadcrumb","itemListElement":[{"@type":"ListItem","position":1,"name":"Portada","item":"https:\/\/niubox.legal\/en\/"},{"@type":"ListItem","position":2,"name":"Contact"}]},{"@type":"WebSite","@id":"https:\/\/niubox.legal\/en\/#website","url":"https:\/\/niubox.legal\/en\/","name":"Niubox.legal","description":"Niubox es una firma pionera en asesor\u00eda legal especializada en tecnolog\u00eda y negocios digitales, asuntos p\u00fablicos y regulatorios e innovaci\u00f3n legal en Per\u00fa y Ecuador","publisher":{"@id":"https:\/\/niubox.legal\/en\/#organization"},"potentialAction":[{"@type":"SearchAction","target":{"@type":"EntryPoint","urlTemplate":"https:\/\/niubox.legal\/en\/?s={search_term_string}"},"query-input":{"@type":"PropertyValueSpecification","valueRequired":true,"valueName":"search_term_string"}}],"inLanguage":"en-US"},{"@type":"Organization","@id":"https:\/\/niubox.legal\/en\/#organization","name":"Niubox Legal","url":"https:\/\/niubox.legal\/en\/","logo":{"@type":"ImageObject","inLanguage":"en-US","@id":"https:\/\/niubox.legal\/en\/#\/schema\/logo\/image\/","url":"https:\/\/niubox.legal\/wp-content\/uploads\/2024\/02\/Niubox_web.jpg","contentUrl":"https:\/\/niubox.legal\/wp-content\/uploads\/2024\/02\/Niubox_web.jpg","width":1000,"height":648,"caption":"Niubox Legal"},"image":{"@id":"https:\/\/niubox.legal\/en\/#\/schema\/logo\/image\/"},"sameAs":["https:\/\/www.facebook.com\/Niuboxlegal\/","https:\/\/x.com\/niuboxlegal","https:\/\/www.instagram.com\/niuboxlegal\/","https:\/\/www.linkedin.com\/company\/niuboxlegal\/"]}]}},"_links":{"self":[{"href":"https:\/\/niubox.legal\/en\/wp-json\/wp\/v2\/pages\/9647","targetHints":{"allow":["GET"]}}],"collection":[{"href":"https:\/\/niubox.legal\/en\/wp-json\/wp\/v2\/pages"}],"about":[{"href":"https:\/\/niubox.legal\/en\/wp-json\/wp\/v2\/types\/page"}],"author":[{"embeddable":true,"href":"https:\/\/niubox.legal\/en\/wp-json\/wp\/v2\/users\/1"}],"replies":[{"embeddable":true,"href":"https:\/\/niubox.legal\/en\/wp-json\/wp\/v2\/comments?post=9647"}],"version-history":[{"count":13,"href":"https:\/\/niubox.legal\/en\/wp-json\/wp\/v2\/pages\/9647\/revisions"}],"predecessor-version":[{"id":11424,"href":"https:\/\/niubox.legal\/en\/wp-json\/wp\/v2\/pages\/9647\/revisions\/11424"}],"wp:attachment":[{"href":"https:\/\/niubox.legal\/en\/wp-json\/wp\/v2\/media?parent=9647"}],"curies":[{"name":"wp","href":"https:\/\/api.w.org\/{rel}","templated":true}]}}