{"id":9583,"date":"2023-12-27T14:38:24","date_gmt":"2023-12-27T14:38:24","guid":{"rendered":"https:\/\/niubox.legal\/politica-de-privacidad\/"},"modified":"2024-04-04T15:53:17","modified_gmt":"2024-04-04T15:53:17","slug":"privacy-policy","status":"publish","type":"page","link":"https:\/\/niubox.legal\/en\/privacy-policy\/","title":{"rendered":"Privacy policy"},"content":{"rendered":"\t\t<div data-elementor-type=\"wp-page\" data-elementor-id=\"9583\" class=\"elementor elementor-9583 elementor-3\" data-elementor-post-type=\"page\">\n\t\t\t\t<div class=\"elementor-element elementor-element-512fb9cb e-flex e-con-boxed e-con e-parent\" data-id=\"512fb9cb\" data-element_type=\"container\" data-e-type=\"container\">\n\t\t\t\t\t<div class=\"e-con-inner\">\n\t\t\t\t<div class=\"elementor-element elementor-element-4bb039b elementor-widget-tablet__width-initial elementor-widget elementor-widget-heading\" data-id=\"4bb039b\" data-element_type=\"widget\" data-e-type=\"widget\" data-widget_type=\"heading.default\">\n\t\t\t\t<div class=\"elementor-widget-container\">\n\t\t\t\t\t<h1 class=\"elementor-heading-title elementor-size-default\">Privacy policy<\/h1>\t\t\t\t<\/div>\n\t\t\t\t<\/div>\n\t\t\t\t\t<\/div>\n\t\t\t\t<\/div>\n\t\t<div class=\"elementor-element elementor-element-80b0819 e-flex e-con-boxed e-con e-parent\" data-id=\"80b0819\" data-element_type=\"container\" data-e-type=\"container\">\n\t\t\t\t\t<div class=\"e-con-inner\">\n\t\t\t\t<div class=\"elementor-element elementor-element-b1f9270 elementor-widget__width-initial elementor-widget elementor-widget-text-editor\" data-id=\"b1f9270\" data-element_type=\"widget\" data-e-type=\"widget\" data-widget_type=\"text-editor.default\">\n\t\t\t\t<div class=\"elementor-widget-container\">\n\t\t\t\t\t\t\t\t\t<p>In accordance with Law No. 29733, Personal Data Protection Law, and its regulations (the &#8220;Law&#8221;), we have developed the following Privacy Policy (&#8220;Privacy Policy&#8221;) to inform you how we, JQN Ventures S.A.C BIC, identified with RUC No. 20603728107 (&#8220;Niubox&#8221;), located at Av. Jose Larco No. 1232, Miraflores, Lima, Peru, process your personal data collected in digital environments.<\/p>\t\t\t\t\t\t\t\t<\/div>\n\t\t\t\t<\/div>\n\t\t\t\t<div class=\"elementor-element elementor-element-757cf74 elementor-widget-tablet__width-initial elementor-widget elementor-widget-heading\" data-id=\"757cf74\" data-element_type=\"widget\" data-e-type=\"widget\" data-widget_type=\"heading.default\">\n\t\t\t\t<div class=\"elementor-widget-container\">\n\t\t\t\t\t<h2 class=\"elementor-heading-title elementor-size-default\">1. Who we are?<\/h2>\t\t\t\t<\/div>\n\t\t\t\t<\/div>\n\t\t\t\t<div class=\"elementor-element elementor-element-0857b93 elementor-widget elementor-widget-html\" data-id=\"0857b93\" data-element_type=\"widget\" data-e-type=\"widget\" data-widget_type=\"html.default\">\n\t\t\t\t<div class=\"elementor-widget-container\">\n\t\t\t\t\t<table class=\"minimalist-table\">\n  <tr>\n    <th>Country<\/th>\n    <th>Name<\/th>\n    <th>Address<\/th>\n    <th>Fiscal ID<\/th>\n  <\/tr>\n  <tr>\n    <td>Per\u00fa<\/td>\n    <td>J Q N Ventures S.A.C. B.I.C.<\/td>\n    <td>Av. Jose Larco Nro. 1232, Miraflores, Lima, Per\u00fa<\/td>\n    <td>20603728107<\/td>\n  <\/tr>\n  <tr>\n    <td>Ecuador<\/td>\n    <td>NIUBOX ECUADOR S.A.S.<\/td>\n    <td>Isabel la Cat\u00f3lica y Catalina Aldaz N34-194<\/td>\n    <td>1793097510001<\/td>\n  <\/tr>\n  <tr>\n    <td>Colombia<\/td>\n    <td>NIUBOX COLOMBIA S.A.S<\/td>\n    <td>Calle 78 No. 11-69 Int 1<\/td>\n    <td>901645143-1<\/td>\n  <\/tr>\n<\/table>\t\t\t\t<\/div>\n\t\t\t\t<\/div>\n\t\t\t\t<div class=\"elementor-element elementor-element-3f10794 elementor-widget-tablet__width-initial elementor-widget elementor-widget-heading\" data-id=\"3f10794\" data-element_type=\"widget\" data-e-type=\"widget\" data-widget_type=\"heading.default\">\n\t\t\t\t<div class=\"elementor-widget-container\">\n\t\t\t\t\t<h2 class=\"elementor-heading-title elementor-size-default\">2. Which legislation will be applicable in your country?<\/h2>\t\t\t\t<\/div>\n\t\t\t\t<\/div>\n\t\t\t\t<div class=\"elementor-element elementor-element-f90afd8 elementor-widget elementor-widget-html\" data-id=\"f90afd8\" data-element_type=\"widget\" data-e-type=\"widget\" data-widget_type=\"html.default\">\n\t\t\t\t<div class=\"elementor-widget-container\">\n\t\t\t\t\t<table class=\"minimalist-table\">\n  <tr>\n    <th>Country<\/th>\n    <th>Applicable regulations<\/th>\n  <\/tr>\n  <tr>\n    <td>Per\u00fa<\/td>\n    <td>Ley 29733, Ley de protecci\u00f3n de datos personales y su reglamento, aprobado por Decreto Supremo N\u00b0 003-2013-JUS.<\/td>\n  <\/tr>\n  <tr>\n    <td>Ecuador<\/td>\n    <td>Registro oficial Suplemento 459, Ley org\u00e1nica de protecci\u00f3n de datos personales.<\/td>\n  <\/tr>\n  <tr>\n    <td>Colombia<\/td>\n    <td>Ley 1581 de 2012, Ley de protecci\u00f3n de datos personales y su Decreto Reglamentario 1377 de 2013.<\/td>\n  <\/tr>\n<\/table>\n\t\t\t\t<\/div>\n\t\t\t\t<\/div>\n\t\t\t\t<div class=\"elementor-element elementor-element-64ffe4c elementor-widget-tablet__width-initial elementor-widget elementor-widget-heading\" data-id=\"64ffe4c\" data-element_type=\"widget\" data-e-type=\"widget\" data-widget_type=\"heading.default\">\n\t\t\t\t<div class=\"elementor-widget-container\">\n\t\t\t\t\t<h2 class=\"elementor-heading-title elementor-size-default\">3. What is the retention period?<\/h2>\t\t\t\t<\/div>\n\t\t\t\t<\/div>\n\t\t\t\t<div class=\"elementor-element elementor-element-a5cd344 elementor-widget__width-initial elementor-widget elementor-widget-text-editor\" data-id=\"a5cd344\" data-element_type=\"widget\" data-e-type=\"widget\" data-widget_type=\"text-editor.default\">\n\t\t\t\t<div class=\"elementor-widget-container\">\n\t\t\t\t\t\t\t\t\t<p>We will retain your personal data until you request its deletion as the data subject and\/or as long as they are necessary to fulfill the purpose for which they were collected.<\/p>\t\t\t\t\t\t\t\t<\/div>\n\t\t\t\t<\/div>\n\t\t\t\t<div class=\"elementor-element elementor-element-cbcd515 elementor-widget-tablet__width-initial elementor-widget elementor-widget-heading\" data-id=\"cbcd515\" data-element_type=\"widget\" data-e-type=\"widget\" data-widget_type=\"heading.default\">\n\t\t\t\t<div class=\"elementor-widget-container\">\n\t\t\t\t\t<h2 class=\"elementor-heading-title elementor-size-default\">4. Where will they be stored?<\/h2>\t\t\t\t<\/div>\n\t\t\t\t<\/div>\n\t\t\t\t<div class=\"elementor-element elementor-element-18d1f5c elementor-widget__width-initial elementor-widget elementor-widget-text-editor\" data-id=\"18d1f5c\" data-element_type=\"widget\" data-e-type=\"widget\" data-widget_type=\"text-editor.default\">\n\t\t\t\t<div class=\"elementor-widget-container\">\n\t\t\t\t\t\t\t\t\t<p>Your personal data provided on our website, landing page, virtual forms, or other links provided to you, will be stored in the database owned by us called &#8220;Digital Platform Users.&#8221;<\/p>\t\t\t\t\t\t\t\t<\/div>\n\t\t\t\t<\/div>\n\t\t\t\t<div class=\"elementor-element elementor-element-79e4b6b elementor-widget-tablet__width-initial elementor-widget elementor-widget-heading\" data-id=\"79e4b6b\" data-element_type=\"widget\" data-e-type=\"widget\" data-widget_type=\"heading.default\">\n\t\t\t\t<div class=\"elementor-widget-container\">\n\t\t\t\t\t<h2 class=\"elementor-heading-title elementor-size-default\">5. Why do we collect them?<\/h2>\t\t\t\t<\/div>\n\t\t\t\t<\/div>\n\t\t\t\t<div class=\"elementor-element elementor-element-a8e37fa elementor-widget__width-initial elementor-widget elementor-widget-text-editor\" data-id=\"a8e37fa\" data-element_type=\"widget\" data-e-type=\"widget\" data-widget_type=\"text-editor.default\">\n\t\t\t\t<div class=\"elementor-widget-container\">\n\t\t\t\t\t\t\t\t\t<p>We will process your personal data, provided in the &#8220;contact&#8221; section of our website, to respond to your inquiries, provide the information you request, and\/or evaluate your profile for potential inclusion in our team.<\/p><p>\u00a0<\/p><p>Your personal data provided in the &#8220;Niubox Newsletter&#8221; section will be processed to manage your subscription to our newsletter and send you relevant information to your email.<\/p><p>\u00a0<\/p><p>Personal data provided for registration to our events or webinars will be used to contact you and manage your participation.<\/p><p>\u00a0<\/p><p>If you have expressly authorized it, we will contact you for commercial and advertising purposes, as well as send you information about our services and other events.<\/p><p>The personal data we request from you is mandatory. Therefore, if you do not provide this personal data, we will not be able to fulfill the purposes described above, as they are necessary to fulfill the stated processing purpose.<\/p>\t\t\t\t\t\t\t\t<\/div>\n\t\t\t\t<\/div>\n\t\t\t\t<div class=\"elementor-element elementor-element-cc040da elementor-widget-tablet__width-initial elementor-widget elementor-widget-heading\" data-id=\"cc040da\" data-element_type=\"widget\" data-e-type=\"widget\" data-widget_type=\"heading.default\">\n\t\t\t\t<div class=\"elementor-widget-container\">\n\t\t\t\t\t<h2 class=\"elementor-heading-title elementor-size-default\">6. Do we make any transfers to third parties?<\/h2>\t\t\t\t<\/div>\n\t\t\t\t<\/div>\n\t\t\t\t<div class=\"elementor-element elementor-element-fa6ba8a elementor-widget__width-initial elementor-widget elementor-widget-text-editor\" data-id=\"fa6ba8a\" data-element_type=\"widget\" data-e-type=\"widget\" data-widget_type=\"text-editor.default\">\n\t\t\t\t<div class=\"elementor-widget-container\">\n\t\t\t\t\t\t\t\t\t<p>We only share personal data on an assignment basis: we have cloud services for hosting, storing, and processing information, throughhost-fusion.com whose servers are located in Spain and Google LLC, domiciled in the United States of America.<\/p>\t\t\t\t\t\t\t\t<\/div>\n\t\t\t\t<\/div>\n\t\t\t\t<div class=\"elementor-element elementor-element-961d4f3 elementor-widget-tablet__width-initial elementor-widget elementor-widget-heading\" data-id=\"961d4f3\" data-element_type=\"widget\" data-e-type=\"widget\" data-widget_type=\"heading.default\">\n\t\t\t\t<div class=\"elementor-widget-container\">\n\t\t\t\t\t<h2 class=\"elementor-heading-title elementor-size-default\">7. How do we safeguard your information?<\/h2>\t\t\t\t<\/div>\n\t\t\t\t<\/div>\n\t\t\t\t<div class=\"elementor-element elementor-element-e2d9d90 elementor-widget__width-initial elementor-widget elementor-widget-text-editor\" data-id=\"e2d9d90\" data-element_type=\"widget\" data-e-type=\"widget\" data-widget_type=\"text-editor.default\">\n\t\t\t\t<div class=\"elementor-widget-container\">\n\t\t\t\t\t\t\t\t\t<p>We have implemented appropriate security measures to ensure the protection of your personal data to prevent its alteration, loss, treatment, or unauthorized access.<\/p>\t\t\t\t\t\t\t\t<\/div>\n\t\t\t\t<\/div>\n\t\t\t\t<div class=\"elementor-element elementor-element-925e91c elementor-widget-tablet__width-initial elementor-widget elementor-widget-heading\" data-id=\"925e91c\" data-element_type=\"widget\" data-e-type=\"widget\" data-widget_type=\"heading.default\">\n\t\t\t\t<div class=\"elementor-widget-container\">\n\t\t\t\t\t<h2 class=\"elementor-heading-title elementor-size-default\">8. About our non-disclosure commitment<\/h2>\t\t\t\t<\/div>\n\t\t\t\t<\/div>\n\t\t\t\t<div class=\"elementor-element elementor-element-ee3234f elementor-widget__width-initial elementor-widget elementor-widget-text-editor\" data-id=\"ee3234f\" data-element_type=\"widget\" data-e-type=\"widget\" data-widget_type=\"text-editor.default\">\n\t\t\t\t<div class=\"elementor-widget-container\">\n\t\t\t\t\t\t\t\t\t<p>We commit not to disclose or share your information without your consent, except in the following cases: (i) requests for information from public authorities exercising their functions and within the scope of their powers; (ii) requests for information under court orders; and (iii) requests for information under legal provisions.<\/p>\t\t\t\t\t\t\t\t<\/div>\n\t\t\t\t<\/div>\n\t\t\t\t<div class=\"elementor-element elementor-element-a6e92a7 elementor-widget-tablet__width-initial elementor-widget elementor-widget-heading\" data-id=\"a6e92a7\" data-element_type=\"widget\" data-e-type=\"widget\" data-widget_type=\"heading.default\">\n\t\t\t\t<div class=\"elementor-widget-container\">\n\t\t\t\t\t<h2 class=\"elementor-heading-title elementor-size-default\">9. Do we use cookies?<\/h2>\t\t\t\t<\/div>\n\t\t\t\t<\/div>\n\t\t\t\t<div class=\"elementor-element elementor-element-078204b elementor-widget__width-initial elementor-widget elementor-widget-text-editor\" data-id=\"078204b\" data-element_type=\"widget\" data-e-type=\"widget\" data-widget_type=\"text-editor.default\">\n\t\t\t\t<div class=\"elementor-widget-container\">\n\t\t\t\t\t\t\t\t\t<p>Our website uses cookies solely for its proper functioning (necessary cookies). No personal data is collected.<\/p><p>In the event that our website contains links or hyperlinks redirecting to other Internet sites owned by third parties that use cookies, we are not responsible for their use by such third parties.<\/p>\t\t\t\t\t\t\t\t<\/div>\n\t\t\t\t<\/div>\n\t\t\t\t<div class=\"elementor-element elementor-element-d2b3054 elementor-widget-tablet__width-initial elementor-widget elementor-widget-heading\" data-id=\"d2b3054\" data-element_type=\"widget\" data-e-type=\"widget\" data-widget_type=\"heading.default\">\n\t\t\t\t<div class=\"elementor-widget-container\">\n\t\t\t\t\t<h2 class=\"elementor-heading-title elementor-size-default\">10. What rights do you have?<\/h2>\t\t\t\t<\/div>\n\t\t\t\t<\/div>\n\t\t\t\t<div class=\"elementor-element elementor-element-85a9eb9 elementor-widget__width-initial elementor-widget elementor-widget-text-editor\" data-id=\"85a9eb9\" data-element_type=\"widget\" data-e-type=\"widget\" data-widget_type=\"text-editor.default\">\n\t\t\t\t<div class=\"elementor-widget-container\">\n\t\t\t\t\t\t\t\t\t<p>You can revoke your consent at any time and exercise your rights of access, rectification, cancellation, opposition, and other rights recognized by the Law, by sending us a message to the following email address:<\/p><p><a href=\"mailto:contacto@niubox.legal\">contacto@niubox.legal<\/a><\/p>\t\t\t\t\t\t\t\t<\/div>\n\t\t\t\t<\/div>\n\t\t\t\t<div class=\"elementor-element elementor-element-252a9c2 elementor-widget-tablet__width-initial elementor-widget elementor-widget-heading\" data-id=\"252a9c2\" data-element_type=\"widget\" data-e-type=\"widget\" data-widget_type=\"heading.default\">\n\t\t\t\t<div class=\"elementor-widget-container\">\n\t\t\t\t\t<h2 class=\"elementor-heading-title elementor-size-default\">11. What if you are a minor?<\/h2>\t\t\t\t<\/div>\n\t\t\t\t<\/div>\n\t\t\t\t<div class=\"elementor-element elementor-element-ec763ca elementor-widget__width-initial elementor-widget elementor-widget-text-editor\" data-id=\"ec763ca\" data-element_type=\"widget\" data-e-type=\"widget\" data-widget_type=\"text-editor.default\">\n\t\t\t\t<div class=\"elementor-widget-container\">\n\t\t\t\t\t\t\t\t\t<p>By providing your personal data on our website, you declare that you are at least fourteen years old or the legal guardian of a minor to validly grant the respective consent. We will not voluntarily process personal data of minors unless we have the proper consent. In the event that we become aware that the personal data collected corresponds to a minor without the authorization of their legal guardian, we will take appropriate measures to delete it.<\/p>\t\t\t\t\t\t\t\t<\/div>\n\t\t\t\t<\/div>\n\t\t\t\t<div class=\"elementor-element elementor-element-b152dc3 elementor-widget-tablet__width-initial elementor-widget elementor-widget-heading\" data-id=\"b152dc3\" data-element_type=\"widget\" data-e-type=\"widget\" data-widget_type=\"heading.default\">\n\t\t\t\t<div class=\"elementor-widget-container\">\n\t\t\t\t\t<h2 class=\"elementor-heading-title elementor-size-default\">12. About changes to this Privacy Policy<\/h2>\t\t\t\t<\/div>\n\t\t\t\t<\/div>\n\t\t\t\t<div class=\"elementor-element elementor-element-bdfd916 elementor-widget__width-initial elementor-widget elementor-widget-text-editor\" data-id=\"bdfd916\" data-element_type=\"widget\" data-e-type=\"widget\" data-widget_type=\"text-editor.default\">\n\t\t\t\t<div class=\"elementor-widget-container\">\n\t\t\t\t\t\t\t\t\t<p>We have the right to modify, update, or supplement the Privacy Policy at any time, which will be immediately published on our website so that you are aware of what information is collected, how and under what circumstances we use and process your information.<\/p>\t\t\t\t\t\t\t\t<\/div>\n\t\t\t\t<\/div>\n\t\t\t\t\t<\/div>\n\t\t\t\t<\/div>\n\t\t\t\t<\/div>\n\t\t","protected":false},"excerpt":{"rendered":"<p>Privacy policy In accordance with Law No. 29733, Personal Data Protection Law, and its regulations (the &#8220;Law&#8221;), we have developed the following Privacy Policy (&#8220;Privacy Policy&#8221;) to inform you how we, JQN Ventures S.A.C BIC, identified with RUC No. 20603728107 (&#8220;Niubox&#8221;), located at Av. Jose Larco No. 1232, Miraflores, Lima, Peru, process your personal data [&hellip;]<\/p>\n","protected":false},"author":1,"featured_media":0,"parent":0,"menu_order":0,"comment_status":"closed","ping_status":"closed","template":"","meta":{"footnotes":""},"class_list":["post-9583","page","type-page","status-publish","hentry"],"yoast_head":"<!-- This site is optimized with the Yoast SEO plugin v27.4 - https:\/\/yoast.com\/product\/yoast-seo-wordpress\/ -->\n<title>Privacy policy - Niubox<\/title>\n<meta name=\"robots\" content=\"index, follow, max-snippet:-1, max-image-preview:large, max-video-preview:-1\" \/>\n<link rel=\"canonical\" href=\"https:\/\/niubox.legal\/en\/privacy-policy\/\" \/>\n<meta property=\"og:locale\" content=\"en_US\" \/>\n<meta property=\"og:type\" content=\"article\" \/>\n<meta property=\"og:title\" content=\"Privacy policy - Niubox\" \/>\n<meta property=\"og:description\" content=\"Privacy policy In accordance with Law No. 29733, Personal Data Protection Law, and its regulations (the &#8220;Law&#8221;), we have developed the following Privacy Policy (&#8220;Privacy Policy&#8221;) to inform you how we, JQN Ventures S.A.C BIC, identified with RUC No. 20603728107 (&#8220;Niubox&#8221;), located at Av. Jose Larco No. 1232, Miraflores, Lima, Peru, process your personal data [&hellip;]\" \/>\n<meta property=\"og:url\" content=\"https:\/\/niubox.legal\/en\/privacy-policy\/\" \/>\n<meta property=\"og:site_name\" content=\"Niubox\" \/>\n<meta property=\"article:publisher\" content=\"https:\/\/www.facebook.com\/Niuboxlegal\/\" \/>\n<meta property=\"article:modified_time\" content=\"2024-04-04T15:53:17+00:00\" \/>\n<meta property=\"og:image\" content=\"https:\/\/niubox.legal\/wp-content\/uploads\/2024\/02\/Niubox_web.jpg\" \/>\n\t<meta property=\"og:image:width\" content=\"1000\" \/>\n\t<meta property=\"og:image:height\" content=\"648\" \/>\n\t<meta property=\"og:image:type\" content=\"image\/jpeg\" \/>\n<meta name=\"twitter:card\" content=\"summary_large_image\" \/>\n<meta name=\"twitter:site\" content=\"@niuboxlegal\" \/>\n<meta name=\"twitter:label1\" content=\"Est. reading time\" \/>\n\t<meta name=\"twitter:data1\" content=\"4 minutes\" \/>\n<script type=\"application\/ld+json\" class=\"yoast-schema-graph\">{\"@context\":\"https:\\\/\\\/schema.org\",\"@graph\":[{\"@type\":\"WebPage\",\"@id\":\"https:\\\/\\\/niubox.legal\\\/en\\\/privacy-policy\\\/\",\"url\":\"https:\\\/\\\/niubox.legal\\\/en\\\/privacy-policy\\\/\",\"name\":\"Privacy policy - Niubox\",\"isPartOf\":{\"@id\":\"https:\\\/\\\/niubox.legal\\\/en\\\/#website\"},\"datePublished\":\"2023-12-27T14:38:24+00:00\",\"dateModified\":\"2024-04-04T15:53:17+00:00\",\"breadcrumb\":{\"@id\":\"https:\\\/\\\/niubox.legal\\\/en\\\/privacy-policy\\\/#breadcrumb\"},\"inLanguage\":\"en-US\",\"potentialAction\":[{\"@type\":\"ReadAction\",\"target\":[\"https:\\\/\\\/niubox.legal\\\/en\\\/privacy-policy\\\/\"]}]},{\"@type\":\"BreadcrumbList\",\"@id\":\"https:\\\/\\\/niubox.legal\\\/en\\\/privacy-policy\\\/#breadcrumb\",\"itemListElement\":[{\"@type\":\"ListItem\",\"position\":1,\"name\":\"Portada\",\"item\":\"https:\\\/\\\/niubox.legal\\\/en\\\/\"},{\"@type\":\"ListItem\",\"position\":2,\"name\":\"Privacy policy\"}]},{\"@type\":\"WebSite\",\"@id\":\"https:\\\/\\\/niubox.legal\\\/en\\\/#website\",\"url\":\"https:\\\/\\\/niubox.legal\\\/en\\\/\",\"name\":\"Niubox.legal\",\"description\":\"Niubox es una firma pionera en asesor\u00eda legal especializada en tecnolog\u00eda y negocios digitales, asuntos p\u00fablicos y regulatorios e innovaci\u00f3n legal en Per\u00fa y Ecuador\",\"publisher\":{\"@id\":\"https:\\\/\\\/niubox.legal\\\/en\\\/#organization\"},\"potentialAction\":[{\"@type\":\"SearchAction\",\"target\":{\"@type\":\"EntryPoint\",\"urlTemplate\":\"https:\\\/\\\/niubox.legal\\\/en\\\/?s={search_term_string}\"},\"query-input\":{\"@type\":\"PropertyValueSpecification\",\"valueRequired\":true,\"valueName\":\"search_term_string\"}}],\"inLanguage\":\"en-US\"},{\"@type\":\"Organization\",\"@id\":\"https:\\\/\\\/niubox.legal\\\/en\\\/#organization\",\"name\":\"Niubox Legal\",\"url\":\"https:\\\/\\\/niubox.legal\\\/en\\\/\",\"logo\":{\"@type\":\"ImageObject\",\"inLanguage\":\"en-US\",\"@id\":\"https:\\\/\\\/niubox.legal\\\/en\\\/#\\\/schema\\\/logo\\\/image\\\/\",\"url\":\"https:\\\/\\\/niubox.legal\\\/wp-content\\\/uploads\\\/2024\\\/02\\\/Niubox_web.jpg\",\"contentUrl\":\"https:\\\/\\\/niubox.legal\\\/wp-content\\\/uploads\\\/2024\\\/02\\\/Niubox_web.jpg\",\"width\":1000,\"height\":648,\"caption\":\"Niubox Legal\"},\"image\":{\"@id\":\"https:\\\/\\\/niubox.legal\\\/en\\\/#\\\/schema\\\/logo\\\/image\\\/\"},\"sameAs\":[\"https:\\\/\\\/www.facebook.com\\\/Niuboxlegal\\\/\",\"https:\\\/\\\/x.com\\\/niuboxlegal\",\"https:\\\/\\\/www.instagram.com\\\/niuboxlegal\\\/\",\"https:\\\/\\\/www.linkedin.com\\\/company\\\/niuboxlegal\\\/\"]}]}<\/script>\n<!-- \/ Yoast SEO plugin. -->","yoast_head_json":{"title":"Privacy policy - Niubox","robots":{"index":"index","follow":"follow","max-snippet":"max-snippet:-1","max-image-preview":"max-image-preview:large","max-video-preview":"max-video-preview:-1"},"canonical":"https:\/\/niubox.legal\/en\/privacy-policy\/","og_locale":"en_US","og_type":"article","og_title":"Privacy policy - Niubox","og_description":"Privacy policy In accordance with Law No. 29733, Personal Data Protection Law, and its regulations (the &#8220;Law&#8221;), we have developed the following Privacy Policy (&#8220;Privacy Policy&#8221;) to inform you how we, JQN Ventures S.A.C BIC, identified with RUC No. 20603728107 (&#8220;Niubox&#8221;), located at Av. Jose Larco No. 1232, Miraflores, Lima, Peru, process your personal data [&hellip;]","og_url":"https:\/\/niubox.legal\/en\/privacy-policy\/","og_site_name":"Niubox","article_publisher":"https:\/\/www.facebook.com\/Niuboxlegal\/","article_modified_time":"2024-04-04T15:53:17+00:00","og_image":[{"width":1000,"height":648,"url":"https:\/\/niubox.legal\/wp-content\/uploads\/2024\/02\/Niubox_web.jpg","type":"image\/jpeg"}],"twitter_card":"summary_large_image","twitter_site":"@niuboxlegal","twitter_misc":{"Est. reading time":"4 minutes"},"schema":{"@context":"https:\/\/schema.org","@graph":[{"@type":"WebPage","@id":"https:\/\/niubox.legal\/en\/privacy-policy\/","url":"https:\/\/niubox.legal\/en\/privacy-policy\/","name":"Privacy policy - Niubox","isPartOf":{"@id":"https:\/\/niubox.legal\/en\/#website"},"datePublished":"2023-12-27T14:38:24+00:00","dateModified":"2024-04-04T15:53:17+00:00","breadcrumb":{"@id":"https:\/\/niubox.legal\/en\/privacy-policy\/#breadcrumb"},"inLanguage":"en-US","potentialAction":[{"@type":"ReadAction","target":["https:\/\/niubox.legal\/en\/privacy-policy\/"]}]},{"@type":"BreadcrumbList","@id":"https:\/\/niubox.legal\/en\/privacy-policy\/#breadcrumb","itemListElement":[{"@type":"ListItem","position":1,"name":"Portada","item":"https:\/\/niubox.legal\/en\/"},{"@type":"ListItem","position":2,"name":"Privacy policy"}]},{"@type":"WebSite","@id":"https:\/\/niubox.legal\/en\/#website","url":"https:\/\/niubox.legal\/en\/","name":"Niubox.legal","description":"Niubox es una firma pionera en asesor\u00eda legal especializada en tecnolog\u00eda y negocios digitales, asuntos p\u00fablicos y regulatorios e innovaci\u00f3n legal en Per\u00fa y Ecuador","publisher":{"@id":"https:\/\/niubox.legal\/en\/#organization"},"potentialAction":[{"@type":"SearchAction","target":{"@type":"EntryPoint","urlTemplate":"https:\/\/niubox.legal\/en\/?s={search_term_string}"},"query-input":{"@type":"PropertyValueSpecification","valueRequired":true,"valueName":"search_term_string"}}],"inLanguage":"en-US"},{"@type":"Organization","@id":"https:\/\/niubox.legal\/en\/#organization","name":"Niubox Legal","url":"https:\/\/niubox.legal\/en\/","logo":{"@type":"ImageObject","inLanguage":"en-US","@id":"https:\/\/niubox.legal\/en\/#\/schema\/logo\/image\/","url":"https:\/\/niubox.legal\/wp-content\/uploads\/2024\/02\/Niubox_web.jpg","contentUrl":"https:\/\/niubox.legal\/wp-content\/uploads\/2024\/02\/Niubox_web.jpg","width":1000,"height":648,"caption":"Niubox Legal"},"image":{"@id":"https:\/\/niubox.legal\/en\/#\/schema\/logo\/image\/"},"sameAs":["https:\/\/www.facebook.com\/Niuboxlegal\/","https:\/\/x.com\/niuboxlegal","https:\/\/www.instagram.com\/niuboxlegal\/","https:\/\/www.linkedin.com\/company\/niuboxlegal\/"]}]}},"_links":{"self":[{"href":"https:\/\/niubox.legal\/en\/wp-json\/wp\/v2\/pages\/9583","targetHints":{"allow":["GET"]}}],"collection":[{"href":"https:\/\/niubox.legal\/en\/wp-json\/wp\/v2\/pages"}],"about":[{"href":"https:\/\/niubox.legal\/en\/wp-json\/wp\/v2\/types\/page"}],"author":[{"embeddable":true,"href":"https:\/\/niubox.legal\/en\/wp-json\/wp\/v2\/users\/1"}],"replies":[{"embeddable":true,"href":"https:\/\/niubox.legal\/en\/wp-json\/wp\/v2\/comments?post=9583"}],"version-history":[{"count":4,"href":"https:\/\/niubox.legal\/en\/wp-json\/wp\/v2\/pages\/9583\/revisions"}],"predecessor-version":[{"id":9587,"href":"https:\/\/niubox.legal\/en\/wp-json\/wp\/v2\/pages\/9583\/revisions\/9587"}],"wp:attachment":[{"href":"https:\/\/niubox.legal\/en\/wp-json\/wp\/v2\/media?parent=9583"}],"curies":[{"name":"wp","href":"https:\/\/api.w.org\/{rel}","templated":true}]}}